{"id":2,"date":"2015-09-16T04:24:25","date_gmt":"2015-09-16T02:24:25","guid":{"rendered":"http:\/\/wp431m.a10-52-158-154.qa.plesk.ru\/wordpress\/?page_id=2"},"modified":"2019-01-17T13:04:19","modified_gmt":"2019-01-17T12:04:19","slug":"sample-page","status":"publish","type":"page","link":"https:\/\/kosermuehle.de\/","title":{"rendered":"\ufeffWillkommen in der Koserm\u00fchle"},"content":{"rendered":"\n\n\n\n\n<p>   Die Koserm\u00fchle liegt im Herzen von Oberfranken.                                            <\/p>\n\n\n\n<figure class=\"wp-block-image\"><img loading=\"lazy\" width=\"1024\" height=\"768\" src=\"http:\/\/kosermuehle.de\/wp-content\/uploads\/2015\/09\/20150725_120454-1024x768.jpg\" alt=\"\" class=\"wp-image-63\" srcset=\"https:\/\/kosermuehle.de\/wp-content\/uploads\/2015\/09\/20150725_120454-1024x768.jpg 1024w, https:\/\/kosermuehle.de\/wp-content\/uploads\/2015\/09\/20150725_120454-300x225.jpg 300w\" sizes=\"(max-width: 1024px) 100vw, 1024px\" \/><\/figure>\n\n\n\n<p>Die Historie der Koserm\u00fchle ist bis ins Mittelalter zur\u00fcck zu verfolgen. Im Familienbesitz ist sie seit ca. 150 Jahren. <\/p>\n\n\n\n<p>Wer hier Urlaub machen m\u00f6chte, ist herzlich willkommen! <\/p>\n","protected":false},"excerpt":{"rendered":"<p>Die Koserm\u00fchle liegt im Herzen von Oberfranken. Die Historie der Koserm\u00fchle ist bis ins Mittelalter zur\u00fcck zu verfolgen. Im Familienbesitz[&#8230;]<\/p>\n","protected":false},"author":1,"featured_media":0,"parent":0,"menu_order":0,"comment_status":"closed","ping_status":"closed","template":"","meta":[],"_links":{"self":[{"href":"https:\/\/kosermuehle.de\/index.php?rest_route=\/wp\/v2\/pages\/2"}],"collection":[{"href":"https:\/\/kosermuehle.de\/index.php?rest_route=\/wp\/v2\/pages"}],"about":[{"href":"https:\/\/kosermuehle.de\/index.php?rest_route=\/wp\/v2\/types\/page"}],"author":[{"embeddable":true,"href":"https:\/\/kosermuehle.de\/index.php?rest_route=\/wp\/v2\/users\/1"}],"replies":[{"embeddable":true,"href":"https:\/\/kosermuehle.de\/index.php?rest_route=%2Fwp%2Fv2%2Fcomments&post=2"}],"version-history":[{"count":23,"href":"https:\/\/kosermuehle.de\/index.php?rest_route=\/wp\/v2\/pages\/2\/revisions"}],"predecessor-version":[{"id":258,"href":"https:\/\/kosermuehle.de\/index.php?rest_route=\/wp\/v2\/pages\/2\/revisions\/258"}],"wp:attachment":[{"href":"https:\/\/kosermuehle.de\/index.php?rest_route=%2Fwp%2Fv2%2Fmedia&parent=2"}],"curies":[{"name":"wp","href":"https:\/\/api.w.org\/{rel}","templated":true}]}}